{"id":3927,"date":"2026-02-19T23:43:50","date_gmt":"2026-02-19T21:43:50","guid":{"rendered":"https:\/\/lexmagis.com\/?page_id=3927"},"modified":"2026-04-01T08:37:37","modified_gmt":"2026-04-01T06:37:37","slug":"services-2","status":"publish","type":"page","link":"https:\/\/lexmagis.com\/fr\/services-2\/","title":{"rendered":"SERVICES"},"content":{"rendered":"<div data-elementor-type=\"wp-page\" data-elementor-id=\"3927\" class=\"elementor elementor-3927\">\n\t\t\t\t\t\t\t\t\t<section class=\"elementor-section elementor-top-section elementor-element elementor-element-1a7a8ad3 elementor-section-content-middle elementor-section-boxed elementor-section-height-default elementor-section-height-default\" data-id=\"1a7a8ad3\" data-element_type=\"section\" data-settings=\"{&quot;background_background&quot;:&quot;classic&quot;}\">\n\t\t\t\t\t\t<div class=\"elementor-container elementor-column-gap-no\">\n\t\t\t\t\t<div class=\"elementor-column elementor-col-50 elementor-top-column elementor-element elementor-element-3fd66d3d\" data-id=\"3fd66d3d\" data-element_type=\"column\">\n\t\t\t<div class=\"elementor-widget-wrap elementor-element-populated\">\n\t\t\t\t\t\t\t\t<div class=\"elementor-element elementor-element-1cc8a9d8 elementor-widget elementor-widget-image\" data-id=\"1cc8a9d8\" data-element_type=\"widget\" data-widget_type=\"image.default\">\n\t\t\t\t<div class=\"elementor-widget-container\">\n\t\t\t<style>\/*! elementor - v3.11.1 - 15-02-2023 *\/\n.elementor-widget-image{text-align:center}.elementor-widget-image a{display:inline-block}.elementor-widget-image a img[src$=\".svg\"]{width:48px}.elementor-widget-image img{vertical-align:middle;display:inline-block}<\/style>\t\t\t\t\t\t\t\t\t\t\t\t<img loading=\"lazy\" decoding=\"async\" width=\"293\" height=\"300\" src=\"https:\/\/lexmagis.com\/wp-content\/uploads\/2026\/03\/pencil-marks-notes-agenda-list-schedule-grades-plans-assignment-to-do-lists-tick-check-blue-agenda-agenda-agenda-agenda-agenda-schedule-308509-293x300.png\" class=\"attachment-medium size-medium wp-image-4163\" alt=\"pencil, marks, notes, agenda, list, schedule, grades, plans, assignment, to-do, lists, tick, check, blue, agenda, agenda, agenda, agenda, agenda, schedule-308509.jpg\" srcset=\"https:\/\/lexmagis.com\/wp-content\/uploads\/2026\/03\/pencil-marks-notes-agenda-list-schedule-grades-plans-assignment-to-do-lists-tick-check-blue-agenda-agenda-agenda-agenda-agenda-schedule-308509-293x300.png 293w, https:\/\/lexmagis.com\/wp-content\/uploads\/2026\/03\/pencil-marks-notes-agenda-list-schedule-grades-plans-assignment-to-do-lists-tick-check-blue-agenda-agenda-agenda-agenda-agenda-schedule-308509-998x1024.png 998w, https:\/\/lexmagis.com\/wp-content\/uploads\/2026\/03\/pencil-marks-notes-agenda-list-schedule-grades-plans-assignment-to-do-lists-tick-check-blue-agenda-agenda-agenda-agenda-agenda-schedule-308509-768x788.png 768w, https:\/\/lexmagis.com\/wp-content\/uploads\/2026\/03\/pencil-marks-notes-agenda-list-schedule-grades-plans-assignment-to-do-lists-tick-check-blue-agenda-agenda-agenda-agenda-agenda-schedule-308509-12x12.png 12w, https:\/\/lexmagis.com\/wp-content\/uploads\/2026\/03\/pencil-marks-notes-agenda-list-schedule-grades-plans-assignment-to-do-lists-tick-check-blue-agenda-agenda-agenda-agenda-agenda-schedule-308509.png 1248w\" sizes=\"auto, (max-width: 293px) 100vw, 293px\" \/>\t\t\t\t\t\t\t\t\t\t\t\t\t\t\t<\/div>\n\t\t\t\t<\/div>\n\t\t\t\t\t<\/div>\n\t\t<\/div>\n\t\t\t\t<div class=\"elementor-column elementor-col-50 elementor-top-column elementor-element elementor-element-7f331105\" data-id=\"7f331105\" data-element_type=\"column\">\n\t\t\t<div class=\"elementor-widget-wrap elementor-element-populated\">\n\t\t\t\t\t\t\t\t<div class=\"elementor-element elementor-element-19a4a686 elementor-widget elementor-widget-text-editor\" data-id=\"19a4a686\" data-element_type=\"widget\" data-widget_type=\"text-editor.default\">\n\t\t\t\t<div class=\"elementor-widget-container\">\n\t\t\t<style>\/*! elementor - v3.11.1 - 15-02-2023 *\/\n.elementor-widget-text-editor.elementor-drop-cap-view-stacked .elementor-drop-cap{background-color:#818a91;color:#fff}.elementor-widget-text-editor.elementor-drop-cap-view-framed .elementor-drop-cap{color:#818a91;border:3px solid;background-color:transparent}.elementor-widget-text-editor:not(.elementor-drop-cap-view-default) .elementor-drop-cap{margin-top:8px}.elementor-widget-text-editor:not(.elementor-drop-cap-view-default) .elementor-drop-cap-letter{width:1em;height:1em}.elementor-widget-text-editor .elementor-drop-cap{float:left;text-align:center;line-height:1;font-size:50px}.elementor-widget-text-editor .elementor-drop-cap-letter{display:inline-block}<\/style>\t\t\t\t<p>\u00a0<\/p><p style=\"text-align: center;\">Conseil et revue de conformit\u00e9 de site internet<\/p><p style=\"text-align: center;\"><span data-olk-copy-source=\"MailCompose\">Nous accompagnons les entreprises dans l\u2019\u00e9valuation de la conformit\u00e9 de leur pr\u00e9sence num\u00e9rique et l\u2019identification des \u00e9ventuels \u00e9carts li\u00e9s \u00e0 la protection des donn\u00e9es, \u00e0 la transparence et aux exigences r\u00e9glementaires en mati\u00e8re d\u2019information.Notre approche repose sur une m\u00e9thodologie de revue structur\u00e9e, une analyse fond\u00e9e sur les risques et des observations ind\u00e9pendantes, permettant de formuler des recommandations claires et op\u00e9rationnelles.<\/span><\/p><p style=\"text-align: center;\"><span data-olk-copy-source=\"MessageBody\">Chaque mission est d\u00e9finie par une lettre de mission \u00e9crite pr\u00e9cisant le p\u00e9rim\u00e8tre, la m\u00e9thodologie, les livrables et les honoraires. Les services sont adapt\u00e9s au profil de risque et aux besoins sp\u00e9cifiques de chaque client.<\/span><\/p><p style=\"text-align: center;\">Les tarifs sont communiqu\u00e9s sur devis, en fonction de la nature et de l\u2019\u00e9tendue de la mission.<\/p>\t\t\t\t\t\t<\/div>\n\t\t\t\t<\/div>\n\t\t\t\t\t<\/div>\n\t\t<\/div>\n\t\t\t\t\t\t\t<\/div>\n\t\t<\/section>\n\t\t\t\t\t\t\t<\/div>","protected":false},"excerpt":{"rendered":"<p>\u00a0 WEBSITE COMPLIANCE REVIEW We support businesses in assessing the compliance of their digital presence and identifying potential gaps related to privacy, transparency and regulatory information requirements. Our approach combines structured review methodology, risk-based analysis and independent observations, resulting in clear and actionable recommendations. Each engagement is defined through a written engagement letter specifying scope, &hellip;<\/p>\n<p class=\"read-more\"> <a class=\"\" href=\"https:\/\/lexmagis.com\/fr\/services-2\/\"> <span class=\"screen-reader-text\">SERVICES<\/span> Lire la suite\u00a0\u00bb<\/a><\/p>","protected":false},"author":1,"featured_media":0,"parent":0,"menu_order":0,"comment_status":"closed","ping_status":"closed","template":"","meta":{"site-sidebar-layout":"no-sidebar","site-content-layout":"page-builder","ast-global-header-display":"","ast-main-header-display":"","ast-hfb-above-header-display":"","ast-hfb-below-header-display":"","ast-hfb-mobile-header-display":"","site-post-title":"disabled","ast-breadcrumbs-content":"","ast-featured-img":"disabled","footer-sml-layout":"","theme-transparent-header-meta":"","adv-header-id-meta":"","stick-header-meta":"","header-above-stick-meta":"","header-main-stick-meta":"","header-below-stick-meta":"","footnotes":""},"class_list":["post-3927","page","type-page","status-publish","hentry"],"aioseo_notices":[],"_links":{"self":[{"href":"https:\/\/lexmagis.com\/fr\/wp-json\/wp\/v2\/pages\/3927","targetHints":{"allow":["GET"]}}],"collection":[{"href":"https:\/\/lexmagis.com\/fr\/wp-json\/wp\/v2\/pages"}],"about":[{"href":"https:\/\/lexmagis.com\/fr\/wp-json\/wp\/v2\/types\/page"}],"author":[{"embeddable":true,"href":"https:\/\/lexmagis.com\/fr\/wp-json\/wp\/v2\/users\/1"}],"replies":[{"embeddable":true,"href":"https:\/\/lexmagis.com\/fr\/wp-json\/wp\/v2\/comments?post=3927"}],"version-history":[{"count":77,"href":"https:\/\/lexmagis.com\/fr\/wp-json\/wp\/v2\/pages\/3927\/revisions"}],"predecessor-version":[{"id":4341,"href":"https:\/\/lexmagis.com\/fr\/wp-json\/wp\/v2\/pages\/3927\/revisions\/4341"}],"wp:attachment":[{"href":"https:\/\/lexmagis.com\/fr\/wp-json\/wp\/v2\/media?parent=3927"}],"curies":[{"name":"wp","href":"https:\/\/api.w.org\/{rel}","templated":true}]}}