{"id":3425,"date":"2022-06-19T20:18:31","date_gmt":"2022-06-19T18:18:31","guid":{"rendered":"https:\/\/lexmagis.com\/?page_id=3425"},"modified":"2026-04-01T08:47:56","modified_gmt":"2026-04-01T06:47:56","slug":"disclaimer","status":"publish","type":"page","link":"https:\/\/lexmagis.com\/fr\/disclaimer\/","title":{"rendered":"Disclaimer"},"content":{"rendered":"<div data-elementor-type=\"wp-page\" data-elementor-id=\"3425\" class=\"elementor elementor-3425\">\n\t\t\t\t\t\t\t\t\t<section class=\"elementor-section elementor-top-section elementor-element elementor-element-cdde9a1 elementor-section-boxed elementor-section-height-default elementor-section-height-default\" data-id=\"cdde9a1\" data-element_type=\"section\">\n\t\t\t\t\t\t<div class=\"elementor-container elementor-column-gap-default\">\n\t\t\t\t\t<div class=\"elementor-column elementor-col-100 elementor-top-column elementor-element elementor-element-d03ed1d\" data-id=\"d03ed1d\" data-element_type=\"column\">\n\t\t\t<div class=\"elementor-widget-wrap elementor-element-populated\">\n\t\t\t\t\t\t\t\t<div class=\"elementor-element elementor-element-057c758 elementor-widget elementor-widget-text-editor\" data-id=\"057c758\" data-element_type=\"widget\" data-widget_type=\"text-editor.default\">\n\t\t\t\t<div class=\"elementor-widget-container\">\n\t\t\t<style>\/*! elementor - v3.11.1 - 15-02-2023 *\/\n.elementor-widget-text-editor.elementor-drop-cap-view-stacked .elementor-drop-cap{background-color:#818a91;color:#fff}.elementor-widget-text-editor.elementor-drop-cap-view-framed .elementor-drop-cap{color:#818a91;border:3px solid;background-color:transparent}.elementor-widget-text-editor:not(.elementor-drop-cap-view-default) .elementor-drop-cap{margin-top:8px}.elementor-widget-text-editor:not(.elementor-drop-cap-view-default) .elementor-drop-cap-letter{width:1em;height:1em}.elementor-widget-text-editor .elementor-drop-cap{float:left;text-align:center;line-height:1;font-size:50px}.elementor-widget-text-editor .elementor-drop-cap-letter{display:inline-block}<\/style>\t\t\t\t\t\t\t\t\t\t<\/div>\n\t\t\t\t<\/div>\n\t\t\t\t<div class=\"elementor-element elementor-element-5d8a9e1 elementor-widget elementor-widget-text-editor\" data-id=\"5d8a9e1\" data-element_type=\"widget\" data-widget_type=\"text-editor.default\">\n\t\t\t\t<div class=\"elementor-widget-container\">\n\t\t\t\t\t\t\t<p><strong>DISCLAIMER<\/strong><\/p><p>LexMagis Compliance &amp; Risk (ci-apr\u00e8s \u00ab LexMagis \u00bb) propose des revues ind\u00e9pendantes de conformit\u00e9 et de gouvernance des sites internet. Ces revues visent \u00e0 favoriser la transparence et la sensibilisation et ne remplacent pas un conseil juridique professionnel ni une consultation r\u00e9glementaire. Ces prestations consistent en une revue ind\u00e9pendante de conformit\u00e9 et ne constituent ni un audit au sens r\u00e9glementaire, ni une certification, ni une approbation par une autorit\u00e9.<\/p><p>L\u2019utilisation et l\u2019acc\u00e8s \u00e0 ce site internet ne cr\u00e9ent aucune relation professionnelle de conseil entre vous et LexMagis.<\/p><p>Le contenu de ce site est fourni \u00e0 titre d\u2019information g\u00e9n\u00e9rale uniquement et ne doit pas \u00eatre consid\u00e9r\u00e9 comme une analyse exhaustive du droit. Il est fourni gratuitement, ne constitue pas un conseil juridique et ne doit pas \u00eatre utilis\u00e9 comme substitut \u00e0 un conseil juridique ou r\u00e9glementaire professionnel. Pour cette raison, les utilisateurs sont invit\u00e9s \u00e0 solliciter un conseil juridique sp\u00e9cifique pour toute question les concernant.<\/p><p>Les donn\u00e9es personnelles soumises via le formulaire de contact sont utilis\u00e9es uniquement pour r\u00e9pondre aux demandes. Pour plus d\u2019informations sur le traitement des donn\u00e9es personnelles, veuillez consulter notre Politique de confidentialit\u00e9. <a href=\"https:\/\/lexmagis.com\/fr\/privacy-cookies-policy\/\">Privacy Policy.<\/a><\/p>\t\t\t\t\t\t<\/div>\n\t\t\t\t<\/div>\n\t\t\t\t\t<\/div>\n\t\t<\/div>\n\t\t\t\t\t\t\t<\/div>\n\t\t<\/section>\n\t\t\t\t\t\t\t<\/div>","protected":false},"excerpt":{"rendered":"<p>DISCLAIMER LexMagis Compliance &amp; Risk (hereinafter &#8220;LexMagis&#8221;) provides website compliance and governance reviews. These reviews are intended to support transparency and awareness and do not replace professional legal advice or regulatory consultation.\u00a0These services consist of an independent compliance review and do not constitute a statutory audit, certification, or approval by any authority. Use of and &hellip;<\/p>\n<p class=\"read-more\"> <a class=\"\" href=\"https:\/\/lexmagis.com\/fr\/disclaimer\/\"> <span class=\"screen-reader-text\">Disclaimer<\/span> Lire la suite\u00a0\u00bb<\/a><\/p>","protected":false},"author":1,"featured_media":0,"parent":0,"menu_order":0,"comment_status":"closed","ping_status":"closed","template":"","meta":{"site-sidebar-layout":"no-sidebar","site-content-layout":"page-builder","ast-global-header-display":"","ast-main-header-display":"","ast-hfb-above-header-display":"","ast-hfb-below-header-display":"","ast-hfb-mobile-header-display":"","site-post-title":"disabled","ast-breadcrumbs-content":"","ast-featured-img":"disabled","footer-sml-layout":"","theme-transparent-header-meta":"","adv-header-id-meta":"","stick-header-meta":"","header-above-stick-meta":"","header-main-stick-meta":"","header-below-stick-meta":"","footnotes":""},"class_list":["post-3425","page","type-page","status-publish","hentry"],"aioseo_notices":[],"_links":{"self":[{"href":"https:\/\/lexmagis.com\/fr\/wp-json\/wp\/v2\/pages\/3425","targetHints":{"allow":["GET"]}}],"collection":[{"href":"https:\/\/lexmagis.com\/fr\/wp-json\/wp\/v2\/pages"}],"about":[{"href":"https:\/\/lexmagis.com\/fr\/wp-json\/wp\/v2\/types\/page"}],"author":[{"embeddable":true,"href":"https:\/\/lexmagis.com\/fr\/wp-json\/wp\/v2\/users\/1"}],"replies":[{"embeddable":true,"href":"https:\/\/lexmagis.com\/fr\/wp-json\/wp\/v2\/comments?post=3425"}],"version-history":[{"count":31,"href":"https:\/\/lexmagis.com\/fr\/wp-json\/wp\/v2\/pages\/3425\/revisions"}],"predecessor-version":[{"id":4344,"href":"https:\/\/lexmagis.com\/fr\/wp-json\/wp\/v2\/pages\/3425\/revisions\/4344"}],"wp:attachment":[{"href":"https:\/\/lexmagis.com\/fr\/wp-json\/wp\/v2\/media?parent=3425"}],"curies":[{"name":"wp","href":"https:\/\/api.w.org\/{rel}","templated":true}]}}