{"id":1727,"date":"2021-10-20T02:17:21","date_gmt":"2021-10-20T00:17:21","guid":{"rendered":"https:\/\/lexmagis.com\/?page_id=1727"},"modified":"2026-04-01T09:26:08","modified_gmt":"2026-04-01T07:26:08","slug":"terms-and-conditions","status":"publish","type":"page","link":"https:\/\/lexmagis.com\/fr\/terms-and-conditions\/","title":{"rendered":"Mentions l\u00e9gales"},"content":{"rendered":"<div data-elementor-type=\"wp-page\" data-elementor-id=\"1727\" class=\"elementor elementor-1727\">\n\t\t\t\t\t\t\t\t\t<section class=\"elementor-section elementor-top-section elementor-element elementor-element-7ad867db elementor-section-boxed elementor-section-height-default elementor-section-height-default\" data-id=\"7ad867db\" data-element_type=\"section\">\n\t\t\t\t\t\t<div class=\"elementor-container elementor-column-gap-default\">\n\t\t\t\t\t<div class=\"elementor-column elementor-col-100 elementor-top-column elementor-element elementor-element-59c2ac0\" data-id=\"59c2ac0\" data-element_type=\"column\">\n\t\t\t<div class=\"elementor-widget-wrap elementor-element-populated\">\n\t\t\t\t\t\t\t\t<div class=\"elementor-element elementor-element-675114b8 elementor-widget elementor-widget-text-editor\" data-id=\"675114b8\" data-element_type=\"widget\" data-widget_type=\"text-editor.default\">\n\t\t\t\t<div class=\"elementor-widget-container\">\n\t\t\t<style>\/*! elementor - v3.11.1 - 15-02-2023 *\/\n.elementor-widget-text-editor.elementor-drop-cap-view-stacked .elementor-drop-cap{background-color:#818a91;color:#fff}.elementor-widget-text-editor.elementor-drop-cap-view-framed .elementor-drop-cap{color:#818a91;border:3px solid;background-color:transparent}.elementor-widget-text-editor:not(.elementor-drop-cap-view-default) .elementor-drop-cap{margin-top:8px}.elementor-widget-text-editor:not(.elementor-drop-cap-view-default) .elementor-drop-cap-letter{width:1em;height:1em}.elementor-widget-text-editor .elementor-drop-cap{float:left;text-align:center;line-height:1;font-size:50px}.elementor-widget-text-editor .elementor-drop-cap-letter{display:inline-block}<\/style>\t\t\t\t<div>Derni\u00e8re mise \u00e0 jour : 16 f\u00e9vrier 2026<\/div><div>\u00a0<\/div><div><b>Article 1 \u2013 \u00c9diteur<\/b><\/div><div>\u00a0<\/div><div>Le pr\u00e9sent site internet www.lexmagis.com (ci-apr\u00e8s le \u00ab Site \u00bb) est \u00e9dit\u00e9 par :<\/div><div>Editeur du Site: Maria Flaux<\/div><div>Nom commercial : LexMagis Compliance &amp; Risk<\/div><div>Statut:EI<\/div><div>Directeur de la publication : Maria Flaux<\/div><div>1235 Avenue du Jura, 01630 Sergy, France<\/div><div>Email : info@lexmagis.com<\/div><div>t\u00e9l.0644853898<\/div><div>SIREN : 101107415<\/div><div>TVA non applicable, ART.293B du CGI<\/div><div>\u00a0<\/div><div><b>H\u00e9bergeur<\/b><\/div><div>Le Site est h\u00e9berg\u00e9 par :<\/div><div>IONOS SARL<\/div><div>7 place de la Gare<\/div><div>57201 Sarreguemines<\/div><div>France<\/div><div>Tel: +33 970 808 911<\/div><div>Email: info@ionos.fr<\/div><div>\u00a0<\/div><div><b>Article 2 \u2013 Acc\u00e8s au site<\/b><\/div><div>Le Site est accessible vingt-quatre (24) heures sur vingt-quatre et sept (7) jours sur sept, sauf en cas de force majeure, d\u2019interruption programm\u00e9e ou non, ou pour les besoins de maintenance.<\/div><div>\u00a0<\/div><div><b>Article 3 \u2013 Nature des informations<\/b><\/div><div>L\u2019ensemble du contenu du Site concerne des questions de conformit\u00e9 et de gouvernance.\nLes informations publi\u00e9es sont fournies \u00e0 titre informatif uniquement et ne constituent pas un conseil juridique.<\/div><div>L\u2019utilisation du Site ne cr\u00e9e aucune relation professionnelle  de conseil entre l? utilisateur et LexMagis. Les utilisateurs sont invit\u00e9s \u00e0 consulter un professionnel qualifi\u00e9 pour toute situation sp\u00e9cifique.<\/div><div>\u00a0<\/div><div><b>Article 4 \u2013 Donn\u00e9es personnelles et cookies<\/b><\/div><div>Conform\u00e9ment au R\u00e8glement G\u00e9n\u00e9ral sur la Protection des Donn\u00e9es (RGPD) et \u00e0 la l\u00e9gislation fran\u00e7aise relative \u00e0 la protection des donn\u00e9es, les utilisateurs disposent d\u2019un droit d\u2019acc\u00e8s, de rectification, de suppression et d\u2019opposition concernant le traitement de leurs donn\u00e9es personnelles.<\/div><div>Toute demande peut \u00eatre adress\u00e9e \u00e0 : info@lexmagis.com<\/div><div>Le Site utilise uniquement des cookies techniques strictement n\u00e9cessaires \u00e0 son fonctionnement. Ces cookies ne n\u00e9cessitent pas le consentement de l\u2019utilisateur conform\u00e9ment \u00e0 la r\u00e9glementation applicableLes utilisateurs peuvent configurer leur navigateur afin de limiter ou de bloquer les cookies ; toutefois, cela peut affecter le bon fonctionnement du Site.<\/div><div>Pour plus d\u2019informations, veuillez consulter la Politique de confidentialit\u00e9 disponible sur le Site. <a href=\"https:\/\/lexmagis.com\/fr\/privacy-cookies-policy\/\">Politique de confidentialit\u00e9<\/a> available on the Site.<\/div><div>\u00a0<\/div><div><b>Article 5 \u2013 Propri\u00e9t\u00e9 intellectuelle<\/b><\/div><div>L\u2019ensemble du contenu du Site (textes, images, logos, graphismes et autres \u00e9l\u00e9ments) est prot\u00e9g\u00e9 par le Code de la propri\u00e9t\u00e9 intellectuelle.<\/div><div><p>Toute reproduction, diffusion, modification ou utilisation sans autorisation \u00e9crite pr\u00e9alable est interdite.<\/p><p>Certaines images utilis\u00e9es sur le Site peuvent provenir de banques d\u2019images gratuites ou de plateformes tierces mettant \u00e0 disposition des contenus sous licence libre ou ouverte. Le cas \u00e9ch\u00e9ant, l\u2019utilisation de ces contenus est r\u00e9alis\u00e9e dans le respect des conditions applicables \u00e0 ces licences.<\/p><\/div><div>\u00a0<\/div><div><b>Article 6 \u2013 Limitation de responsabilit\u00e9<\/b><\/div><div>LexMagis ne saurait \u00eatre tenue responsable de toute erreur, omission ou inexactitude dans les informations publi\u00e9es sur le Site.<\/div><div>LexMagis d\u00e9cline toute responsabilit\u00e9 en cas de dommage direct ou indirect r\u00e9sultant de l\u2019utilisation du Site ou de l\u2019impossibilit\u00e9 d\u2019y acc\u00e9der.<\/div><div>\u00a0<\/div><div><b>Article 7 \u2013 Droit applicable et juridiction comp\u00e9tente<\/b><\/div><div>Les pr\u00e9sentes conditions sont r\u00e9gies par le droit fran\u00e7ais.<\/div><div>Tout litige relatif \u00e0 l\u2019utilisation du Site rel\u00e8ve de la comp\u00e9tence exclusive des juridictions fran\u00e7aises.<\/div><div>\u00a0<\/div><div><b>Article 8 \u2013 Dispositions g\u00e9n\u00e9rales<\/b><\/div><div>Si l\u2019une des dispositions des pr\u00e9sentes conditions est jug\u00e9e ill\u00e9gale, invalide ou inapplicable, les autres dispositions demeureront pleinement en vigueur.<\/div><div>Aucune renonciation \u00e0 l\u2019une quelconque des dispositions ne sera valable sans confirmation \u00e9crite.<\/div><div>\u00a0<\/div><div><b>Article 9 \u2013 Contact<\/b><\/div><div>Pour toute question relative aux pr\u00e9sentes conditions, veuillez contacter :<\/div><div>info@lexmagis.com<\/div><div>\u00a0<\/div>\t\t\t\t\t\t<\/div>\n\t\t\t\t<\/div>\n\t\t\t\t\t<\/div>\n\t\t<\/div>\n\t\t\t\t\t\t\t<\/div>\n\t\t<\/section>\n\t\t\t\t\t\t\t<\/div>","protected":false},"excerpt":{"rendered":"<p>Last updated: 16 February 2026\u00a0Article 1 \u2013 Publisher\u00a0This website www.lexmagis.com (hereinafter the \u201cSite\u201d) is published by:Operator: Maria FlauxTrade name: LexMagis Compliance &amp; RiskStatus: Sole trader \u00a0-EIPublication Director: Maria FlauxAddress:\u00a01235 Avenue du Jura,\u00a001630 Sergy,\u00a0FranceEmail: info@lexmagis.comtel. 0644853898SIREN: 101107415TVA non applicable, ART.293B du CGI\u00a0Hosting ProviderThe Site is hosted by:IONOS SARL7 place de la Gare57201 SarregueminesFranceTel: +33 970 808 &hellip;<\/p>\n<p class=\"read-more\"> <a class=\"\" href=\"https:\/\/lexmagis.com\/fr\/terms-and-conditions\/\"> <span class=\"screen-reader-text\">Mentions l\u00e9gales<\/span> Lire la suite\u00a0\u00bb<\/a><\/p>","protected":false},"author":1,"featured_media":0,"parent":0,"menu_order":0,"comment_status":"closed","ping_status":"closed","template":"","meta":{"site-sidebar-layout":"default","site-content-layout":"default","ast-global-header-display":"","ast-main-header-display":"","ast-hfb-above-header-display":"","ast-hfb-below-header-display":"","ast-hfb-mobile-header-display":"","site-post-title":"","ast-breadcrumbs-content":"","ast-featured-img":"","footer-sml-layout":"","theme-transparent-header-meta":"default","adv-header-id-meta":"","stick-header-meta":"","header-above-stick-meta":"","header-main-stick-meta":"","header-below-stick-meta":"","footnotes":""},"class_list":["post-1727","page","type-page","status-publish","hentry"],"aioseo_notices":[],"_links":{"self":[{"href":"https:\/\/lexmagis.com\/fr\/wp-json\/wp\/v2\/pages\/1727","targetHints":{"allow":["GET"]}}],"collection":[{"href":"https:\/\/lexmagis.com\/fr\/wp-json\/wp\/v2\/pages"}],"about":[{"href":"https:\/\/lexmagis.com\/fr\/wp-json\/wp\/v2\/types\/page"}],"author":[{"embeddable":true,"href":"https:\/\/lexmagis.com\/fr\/wp-json\/wp\/v2\/users\/1"}],"replies":[{"embeddable":true,"href":"https:\/\/lexmagis.com\/fr\/wp-json\/wp\/v2\/comments?post=1727"}],"version-history":[{"count":175,"href":"https:\/\/lexmagis.com\/fr\/wp-json\/wp\/v2\/pages\/1727\/revisions"}],"predecessor-version":[{"id":4349,"href":"https:\/\/lexmagis.com\/fr\/wp-json\/wp\/v2\/pages\/1727\/revisions\/4349"}],"wp:attachment":[{"href":"https:\/\/lexmagis.com\/fr\/wp-json\/wp\/v2\/media?parent=1727"}],"curies":[{"name":"wp","href":"https:\/\/api.w.org\/{rel}","templated":true}]}}