{"id":1721,"date":"2021-10-20T01:17:44","date_gmt":"2021-10-19T23:17:44","guid":{"rendered":"https:\/\/lexmagis.com\/?page_id=1721"},"modified":"2026-03-08T16:14:47","modified_gmt":"2026-03-08T14:14:47","slug":"privacy-cookies-policy","status":"publish","type":"page","link":"https:\/\/lexmagis.com\/fr\/privacy-cookies-policy\/","title":{"rendered":"Politique de confidentialit\u00e9"},"content":{"rendered":"<div data-elementor-type=\"wp-page\" data-elementor-id=\"1721\" class=\"elementor elementor-1721\">\n\t\t\t\t\t\t\t\t\t<section class=\"elementor-section elementor-top-section elementor-element elementor-element-1aaac6df elementor-section-boxed elementor-section-height-default elementor-section-height-default\" data-id=\"1aaac6df\" data-element_type=\"section\">\n\t\t\t\t\t\t<div class=\"elementor-container elementor-column-gap-default\">\n\t\t\t\t\t<div class=\"elementor-column elementor-col-100 elementor-top-column elementor-element elementor-element-354c9ccd\" data-id=\"354c9ccd\" data-element_type=\"column\">\n\t\t\t<div class=\"elementor-widget-wrap elementor-element-populated\">\n\t\t\t\t\t\t\t\t<div class=\"elementor-element elementor-element-7ed2d49f elementor-widget elementor-widget-text-editor\" data-id=\"7ed2d49f\" data-element_type=\"widget\" data-widget_type=\"text-editor.default\">\n\t\t\t\t<div class=\"elementor-widget-container\">\n\t\t\t<style>\/*! elementor - v3.11.1 - 15-02-2023 *\/\n.elementor-widget-text-editor.elementor-drop-cap-view-stacked .elementor-drop-cap{background-color:#818a91;color:#fff}.elementor-widget-text-editor.elementor-drop-cap-view-framed .elementor-drop-cap{color:#818a91;border:3px solid;background-color:transparent}.elementor-widget-text-editor:not(.elementor-drop-cap-view-default) .elementor-drop-cap{margin-top:8px}.elementor-widget-text-editor:not(.elementor-drop-cap-view-default) .elementor-drop-cap-letter{width:1em;height:1em}.elementor-widget-text-editor .elementor-drop-cap{float:left;text-align:center;line-height:1;font-size:50px}.elementor-widget-text-editor .elementor-drop-cap-letter{display:inline-block}<\/style>\t\t\t\t<div>Derni\u00e8re mise \u00e0 jour : 16 f\u00e9vrier 2026<\/div><div>\u00a0<\/div><div><b>1. Responsable du traitement<\/b><\/div><div>Le site internet www.lexmagis.com\u00a0(ci-apr\u00e8s le \u00ab Site \u00bb) est edit\u00e9 par :<\/div><div>\u00a0<\/div><div>Maria Flaux<\/div><div>Nom commercial : LexMagis Compliance &amp; Risk<\/div><div>Entrepreneur individuel (micro-entrepreneur \u2013 EI)<\/div><div>SIREN : 101107415<\/div><div>Adresse:1235 Avenue du Jura, 01630 Sergy, France<\/div><div>Email : info@lexmagis.com<\/div><div>\u00a0<\/div><div>Maria Flaux agit en qualit\u00e9 de responsable du traitement\u00a0au sens du R\u00e8glement G\u00e9n\u00e9ral sur la Protection des Donn\u00e9es (RGPD).<\/div><div>\u00a0<\/div><div><b>2. Donn\u00e9es personnelles collect\u00e9es<\/b><\/div><div>Des donn\u00e9es personnelles peuvent \u00eatre collect\u00e9es lorsque les utilisateurs naviguent sur le Site ou nous contactent volontairement via le formulaire de contact ou par e-mail.<\/div><div>Les cat\u00e9gories de donn\u00e9es personnelles collect\u00e9es peuvent inclure:<\/div><ul><li>coordonn\u00e9es (telles que le nom et l\u2019adresse e-mail et le num\u00e9ro de t\u00e9l\u00e9phone)<\/li><li>informations contenues dans les communications (par exemple les messages envoy\u00e9s via le formulaire de contact ou par e-mail)<\/li><li>donn\u00e9es techniques (telles que l\u2019adresse IP ou des informations li\u00e9es \u00e0 l\u2019utilisation du site)<\/li><li><span style=\"font-size: 16px;\">informations de facturation ou de paiement n\u00e9cessaires \u00e0 la facturation et au paiement des services<\/span><\/li><\/ul><p><span data-olk-copy-source=\"MailCompose\">Certaines donn\u00e9es, en particulier les coordonn\u00e9es et le contenu de la demande, sont n\u00e9cessaires pour traiter les demandes et, le cas \u00e9ch\u00e9ant, pour fournir les services. \u00c0 d\u00e9faut de fournir ces informations, il se peut que nous ne soyons pas en mesure de r\u00e9pondre \u00e0 la demande ou de fournir les services sollicit\u00e9s.<\/span><\/p><div><b>3. Finalit\u00e9s du traitement<\/b><\/div><div>\u00a0<\/div><div>Les donn\u00e9es personnelles sont trait\u00e9es uniquement pour les finalit\u00e9s suivantes :<\/div><div>\u00a0<\/div><ul><li>r\u00e9pondre aux demandes et aux messages envoy\u00e9s via le formulaire de contact ;<\/li><li>fourniture et gestion de nos services<\/li><li>g\u00e9rer les communications avec les utilisateurs ;<\/li><li>assurer la s\u00e9curit\u00e9 du Site, pr\u00e9venir les abus et prot\u00e9ger nos droits\u00a0\u00a0<\/li><li>garantir le bon fonctionnement technique du Site.<\/li><li>se conformer \u00e0 toute obligation l\u00e9gale applicable ou r\u00e9pondre aux demandes des autorit\u00e9s comp\u00e9tentes.<\/li><li><span style=\"font-size: 16px;\">traiter les demandes relatives \u00e0 la protection des donn\u00e9es et \u00e0 l\u2019exercice des droits des utilisateurs<\/span><\/li><li>gestion administrative, comptable et de la facturation de nos services, y compris la gestion des paiements\u00a0<\/li><\/ul><div>\u00a0<\/div><div><b>4. Base juridique<\/b><\/div><div>Le traitement des donn\u00e9es repose sur :<\/div><ul><li>l\u2019ex\u00e9cution d\u2019un contrat ou l\u2019ex\u00e9cution de mesures pr\u00e9contractuelles prises \u00e0 la demande de l\u2019utilisateur<\/li><li><span data-olk-copy-source=\"MailCompose\">le respect des obligations l\u00e9gales applicables<\/span><\/li><li><span data-olk-copy-source=\"MailCompose\">l\u2019int\u00e9r\u00eat l\u00e9gitime\u00a0du responsable du traitement pour assurer la s\u00e9curit\u00e9 et le bon fonctionnement du Site.<\/span><\/li><li><span data-olk-copy-source=\"MailCompose\">le consentement de l\u2019utilisateur, lorsque des donn\u00e9es personnelles sont soumises volontairement via le formulaire de contact ou lorsque cela est requis<\/span><\/li><\/ul><div>\u00a0<\/div><div><b>5. Dur\u00e9e de conservation des donn\u00e9es<\/b><\/div><div>\u00a0<\/div><div>Les donn\u00e9es transmises via le formulaire de contact sont conserv\u00e9es uniquement pendant la dur\u00e9e n\u00e9cessaire au traitement de la demande et pour une dur\u00e9e maximale de 12 mois apr\u00e8s le dernier contact.<\/div><div>\u00a0<\/div><div>Les donn\u00e9es techniques \u00e9ventuellement g\u00e9n\u00e9r\u00e9es par l\u2019h\u00e9bergement du Site peuvent \u00eatre conserv\u00e9es temporairement pour des raisons de s\u00e9curit\u00e9.<\/div><div>\u00a0<\/div><div>Les documents de facturation, de paiement et les pi\u00e8ces comptables sont conserv\u00e9s pendant la dur\u00e9e requise par la l\u00e9gislation applicable, en principe pendant 10 ans.\u00a0<\/div><div>\u00a0<\/div><div><b>6. Destinataires des donn\u00e9es<\/b><\/div><div>\u00a0<\/div><div>Les donn\u00e9es personnelles ne sont ni vendues ni c\u00e9d\u00e9es \u00e0 des tiers.<\/div><div>\u00a0<\/div><div>Elles peuvent \u00eatre trait\u00e9es par des prestataires techniques agissant en qualit\u00e9 de sous-traitants, notamment le fournisseur d\u2019h\u00e9bergement du Site, exclusivement pour des besoins techniques et dans le respect de la r\u00e9glementation applicable.<\/div><div>\u00a0<\/div><div><p>Certaines ressources techniques utilis\u00e9es par le Site (telles que des polices web ou des services techniques similaires) peuvent \u00eatre fournies par des prestataires tiers, ce qui peut impliquer des \u00e9changes limit\u00e9s de donn\u00e9es techniques, tels que l\u2019adresse IP, n\u00e9cessaires \u00e0 l\u2019affichage et au fonctionnement du site.\u00a0<\/p><\/div><div>Lorsque cela est n\u00e9cessaire pour la facturation et le paiement des services, des informations li\u00e9es au paiement peuvent \u00e9galement \u00eatre trait\u00e9es par les \u00e9tablissements bancaires.\u00a0<\/div><div>\u00a0<\/div><div><b>7. S\u00e9curit\u00e9 des donn\u00e9es<\/b><\/div><div>\u00a0<\/div><div>LexMagis met en \u0153uvre des mesures techniques et organisationnelles appropri\u00e9es afin d\u2019assurer la s\u00e9curit\u00e9 et la confidentialit\u00e9 des donn\u00e9es personnelles.<\/div><div>\u00a0<\/div><div>En cas de violation de donn\u00e9es susceptible d\u2019engendrer un risque pour les droits et libert\u00e9s des personnes concern\u00e9es, l\u2019autorit\u00e9 de contr\u00f4le comp\u00e9tente sera notifi\u00e9e conform\u00e9ment aux exigences du RGPD.\u00a0<\/div><div>\u00a0<\/div><div><b>8. Droits des utilisateurs<\/b><\/div><div><p>Conform\u00e9ment au RGPD, les utilisateurs disposent des droits suivants :<\/p><ul><li>droit d\u2019acc\u00e8s \u00e0 leurs donn\u00e9es personnelles ;<\/li><li>droit de rectification des donn\u00e9es personnelles inexactes<\/li><li>droit \u00e0 l\u2019effacement de leurs donn\u00e9es personnelles<\/li><li>droit \u00e0 la limitation du traitement<\/li><li>droit d'opposition au traitement, lorsque cela est applicable<\/li><li>droit de retirer leur consentement \u00e0 tout moment lorsque le traitement est fond\u00e9 sur le consentement<\/li><li><span style=\"font-size: 16px;\">droit d\u2019introduire une r\u00e9clamation aupr\u00e8s de l\u2019autorit\u00e9 de contr\u00f4le comp\u00e9tente, la CNIL.<\/span><\/li><li><span style=\"font-size: 16px;\">droit \u00e0 la portabilit\u00e9 des donn\u00e9es, c`est-\u00e0-dire de recevoir leurs donn\u00e9es personnelles dans un format structur\u00e9, couramment utilis\u00e9 et lisible par machine lorsque cela est applicable<\/span><\/li><\/ul><p><span style=\"font-size: 16px;\"><span data-olk-copy-source=\"MailCompose\">Toute demande peut \u00eatre adress\u00e9e \u00e0 : info@lexmagis.com<\/span><\/span><\/p><div><b data-olk-copy-source=\"MailCompose\">9.Cookies<\/b><\/div><div>\u00a0<\/div><div>Le Site utilise uniquement des cookies techniques strictement n\u00e9cessaires\u00a0\u00e0 son fonctionnement.<\/div><div>\u00a0<\/div><div>Ces cookies ne n\u00e9cessitent pas le consentement pr\u00e9alable des utilisateurs conform\u00e9ment \u00e0 la r\u00e9glementation applicable.\u00a0<\/div><div>\u00a0<\/div><div>Les utilisateurs peuvent toutefois configurer leur navigateur afin de limiter ou de bloquer les cookies ; cela peut cependant affecter le bon fonctionnement du Site.<\/div><div>\u00a0<\/div><div><p><b><b>10. Donn\u00e9es relatives aux mineurs<\/b><\/b><\/p><p>Le Site et les services propos\u00e9s ne sont pas destin\u00e9s aux mineurs. Nous ne collectons pas sciemment de donn\u00e9es personnelles concernant des personnes \u00e2g\u00e9es de moins de 16 ans. Si nous apprenons que des donn\u00e9es personnelles concernant un mineur ont \u00e9t\u00e9 collect\u00e9es sans le consentement appropri\u00e9, nous prendrons les mesures n\u00e9cessaires pour les supprimer.<\/p><\/div><div>\u00a0<\/div><div><b>11. Modifications de la pr\u00e9sente politique de confidentialit\u00e9<\/b><\/div><div>\u00a0<\/div><div>La pr\u00e9sente politique de confidentialit\u00e9 peut \u00eatre mise \u00e0 jour afin de refl\u00e9ter les \u00e9volutions l\u00e9gales ou techniques. Les utilisateurs sont invit\u00e9s \u00e0 la consulter r\u00e9guli\u00e8rement.<\/div><\/div>\t\t\t\t\t\t<\/div>\n\t\t\t\t<\/div>\n\t\t\t\t\t<\/div>\n\t\t<\/div>\n\t\t\t\t\t\t\t<\/div>\n\t\t<\/section>\n\t\t\t\t\t\t\t<\/div>","protected":false},"excerpt":{"rendered":"<p>Last updated: 16 February 2026\u00a01. Data ControllerThe website www.lexmagis.com (the \u201cSite\u201d) is operated by:\u00a0Maria FlauxTrade name: LexMagis Compliance &amp; RiskStatus: Sole trader (micro-entrepreneur \u2013 EI)SIREN: 101107415Address: 1235 Avenue du Jura, 01630 Sergy, FranceEmail: info@lexmagis.com\u00a0Maria Flaux, trading as LexMagis Compliance &amp; Risk, acts as the data controller within the meaning of the General Data Protection Regulation &hellip;<\/p>\n<p class=\"read-more\"> <a class=\"\" href=\"https:\/\/lexmagis.com\/fr\/privacy-cookies-policy\/\"> <span class=\"screen-reader-text\">Politique de confidentialit\u00e9<\/span> Lire la suite\u00a0\u00bb<\/a><\/p>","protected":false},"author":1,"featured_media":0,"parent":0,"menu_order":0,"comment_status":"closed","ping_status":"closed","template":"","meta":{"site-sidebar-layout":"default","site-content-layout":"default","ast-global-header-display":"","ast-main-header-display":"","ast-hfb-above-header-display":"","ast-hfb-below-header-display":"","ast-hfb-mobile-header-display":"","site-post-title":"","ast-breadcrumbs-content":"","ast-featured-img":"","footer-sml-layout":"","theme-transparent-header-meta":"default","adv-header-id-meta":"","stick-header-meta":"","header-above-stick-meta":"","header-main-stick-meta":"","header-below-stick-meta":"","footnotes":""},"class_list":["post-1721","page","type-page","status-publish","hentry"],"aioseo_notices":[],"_links":{"self":[{"href":"https:\/\/lexmagis.com\/fr\/wp-json\/wp\/v2\/pages\/1721","targetHints":{"allow":["GET"]}}],"collection":[{"href":"https:\/\/lexmagis.com\/fr\/wp-json\/wp\/v2\/pages"}],"about":[{"href":"https:\/\/lexmagis.com\/fr\/wp-json\/wp\/v2\/types\/page"}],"author":[{"embeddable":true,"href":"https:\/\/lexmagis.com\/fr\/wp-json\/wp\/v2\/users\/1"}],"replies":[{"embeddable":true,"href":"https:\/\/lexmagis.com\/fr\/wp-json\/wp\/v2\/comments?post=1721"}],"version-history":[{"count":137,"href":"https:\/\/lexmagis.com\/fr\/wp-json\/wp\/v2\/pages\/1721\/revisions"}],"predecessor-version":[{"id":4275,"href":"https:\/\/lexmagis.com\/fr\/wp-json\/wp\/v2\/pages\/1721\/revisions\/4275"}],"wp:attachment":[{"href":"https:\/\/lexmagis.com\/fr\/wp-json\/wp\/v2\/media?parent=1721"}],"curies":[{"name":"wp","href":"https:\/\/api.w.org\/{rel}","templated":true}]}}